{"id":23415,"date":"2023-03-16T21:14:03","date_gmt":"2023-03-16T20:14:03","guid":{"rendered":"https:\/\/printagram.com\/?post_type=product&#038;p=23415"},"modified":"2025-01-26T20:04:03","modified_gmt":"2025-01-26T19:04:03","slug":"konfigurator-wizytowki-lakier-uv-wypukly","status":"publish","type":"product","link":"https:\/\/printagram.com\/de\/produkt\/konfigurator-visitenkarten-varnish-uv-konvex\/","title":{"rendered":"Konfigurator - Visitenkarten UV-Konvex-Lack"},"content":{"rendered":"<p>Vollfarbige Visitenkarten mit Designelementen, die mit einem gepr\u00e4gten transparenten Lack \u00fcberzogen sind. Der UV-Lack verleiht den hervorgehobenen Elementen auf der Visitenkarte (z. B. dem Logo) einen Glanz. Die beschichteten Objekte wirken wie mit dicker, plastischer, gl\u00e4nzender Farbe \"gemalt\". Die zur\u00fcckreflektierten Lichtstrahlen betonen das Relief, das leicht zu sp\u00fcren ist. Bei der Ber\u00fchrung kontrastiert die Gl\u00e4tte und Gl\u00e4tte des UV-Lacks mit der samtig-weichen\" Oberfl\u00e4che des mit Softtouch-Folie \u00fcberzogenen Papiers.<br \/>\n<h5>UV-selektive Lackierung<\/h5>\n<p>Lack, der auf eine matte Oberfl\u00e4che aufgetragen wird, bringt ausgew\u00e4hlte Elemente wie Logos, Grafiken, Namen usw. zum Gl\u00e4nzen und hebt sie sch\u00f6n hervor. Es ist auch m\u00f6glich, neue grafische Elemente zu erstellen, die aus dem richtigen Winkel sichtbar sind und das Design bereichern. So k\u00f6nnen lackierte Hintergr\u00fcnde, \"Wasserzeichen\", Muster, Texturen usw. verwendet werden. Mehr \u00fcber die Technik selbst erfahren Sie in <a href=\"https:\/\/printagram.com\/de\/punktueller-uv-lack\/\">Artikel \u00fcber UV-Lackierung<\/a>.<\/p>\n<\/p>","protected":false},"excerpt":{"rendered":"<p>Konfigurieren Sie Ihre eigenen Visitenkarten nach Ihren Bed\u00fcrfnissen. Druck auf 1 oder 2 Seiten, gew\u00e4hlte Art der Laminierung - Soft-Touch (angenehm zu ber\u00fchren) oder matt Standard. UV-Konvex-Lackierung auf ausgew\u00e4hlten Seiten. Personalisierung m\u00f6glich - z. B. Nummerierung oder Hinzuf\u00fcgen individueller Codes, Abrundung der Ecken und Stanzung. Papiergewicht 350 g\/m2<\/p>","protected":false},"featured_media":35205,"template":"","meta":{"_seopress_robots_primary_cat":"none","_seopress_titles_title":"","_seopress_titles_desc":"","_seopress_robots_index":""},"product_brand":[],"product_cat":[412],"product_tag":[444,448,437,446],"class_list":{"0":"post-23415","1":"product","2":"type-product","3":"status-publish","4":"has-post-thumbnail","6":"product_cat-wizytowki-lakier-uv","7":"product_tag-firma-biuro","8":"product_tag-konferencje-kursy-szkolenia","9":"product_tag-lakier-uv-selektywny","10":"product_tag-promowanie","12":"first","13":"instock","14":"taxable","15":"shipping-taxable","16":"purchasable","17":"product-type-simple"},"_links":{"self":[{"href":"https:\/\/printagram.com\/de\/wp-json\/wp\/v2\/product\/23415","targetHints":{"allow":["GET"]}}],"collection":[{"href":"https:\/\/printagram.com\/de\/wp-json\/wp\/v2\/product"}],"about":[{"href":"https:\/\/printagram.com\/de\/wp-json\/wp\/v2\/types\/product"}],"wp:featuredmedia":[{"embeddable":true,"href":"https:\/\/printagram.com\/de\/wp-json\/wp\/v2\/media\/35205"}],"wp:attachment":[{"href":"https:\/\/printagram.com\/de\/wp-json\/wp\/v2\/media?parent=23415"}],"wp:term":[{"taxonomy":"product_brand","embeddable":true,"href":"https:\/\/printagram.com\/de\/wp-json\/wp\/v2\/product_brand?post=23415"},{"taxonomy":"product_cat","embeddable":true,"href":"https:\/\/printagram.com\/de\/wp-json\/wp\/v2\/product_cat?post=23415"},{"taxonomy":"product_tag","embeddable":true,"href":"https:\/\/printagram.com\/de\/wp-json\/wp\/v2\/product_tag?post=23415"}],"curies":[{"name":"wp","href":"https:\/\/api.w.org\/{rel}","templated":true}]}}