{"id":23142,"date":"2023-03-02T22:44:24","date_gmt":"2023-03-02T21:44:24","guid":{"rendered":"https:\/\/printagram.com\/?post_type=product&#038;p=23142"},"modified":"2024-04-02T18:14:45","modified_gmt":"2024-04-02T16:14:45","slug":"okladki-do-plyt-cd-dvd","status":"publish","type":"product","link":"https:\/\/printagram.com\/de\/produkt\/cd-dvd-cover\/","title":{"rendered":"CD\/DVD-H\u00fcllen"},"content":{"rendered":"<p>Sie planen die Ver\u00f6ffentlichung eines Musikalbums, einer CD- oder DVD-Pr\u00e4sentation oder eines Films? Dann ist dieses Angebot genau das Richtige f\u00fcr Sie! Audio-CDs, Video-CDs, DVDs, Multimedia-Pr\u00e4sentationen, Archiv-Discs - alles in Auflagen von wenigen bis zu mehreren tausend Exemplaren. Mit Ihrem eigenen, professionellen und einzigartigen Aufdruck auf Disc und H\u00fclle. Das ist eine vielseitige und bequeme Form der Speicherung von Aufnahmen, Filmen und Daten.<\/p>\n<p>Unser Angebot richtet sich vor allem an medizinische Diagnoseeinrichtungen, Fotografen, Videofirmen oder Unternehmen, die Multimedia-Pr\u00e4sentationen erstellen. Es eignet sich auch hervorragend f\u00fcr Musikbands, die ein Demo oder ihre Promo-CD ver\u00f6ffentlichen wollen. Sie k\u00f6nnen auch dem normalen Nutzer oder Sammler von Audio- oder Videomaterial dienen.<\/p>\n<p>Sehen Sie sich auch das Angebot f\u00fcr fertige <a href=\"\/de\/produkt\/plyty-okladki-cd-dvd\/\">gedruckte CDs\/DVDs<\/a>.<\/p>","protected":false},"excerpt":{"rendered":"<p>H\u00fcllen f\u00fcr CDs DVDs. Umschlagh\u00fcllen f\u00fcr Discs.<\/p>","protected":false},"featured_media":22212,"template":"","meta":{"_seopress_robots_primary_cat":"","_seopress_titles_title":"","_seopress_titles_desc":"","_seopress_robots_index":""},"product_brand":[],"product_cat":[316],"product_tag":[448,449,446],"class_list":{"0":"post-23142","1":"product","2":"type-product","3":"status-publish","4":"has-post-thumbnail","6":"product_cat-plyty-opakowania-cd-dvd","7":"product_tag-konferencje-kursy-szkolenia","8":"product_tag-produkcja","9":"product_tag-promowanie","11":"first","12":"instock","13":"taxable","14":"shipping-taxable","15":"purchasable","16":"product-type-simple"},"_links":{"self":[{"href":"https:\/\/printagram.com\/de\/wp-json\/wp\/v2\/product\/23142","targetHints":{"allow":["GET"]}}],"collection":[{"href":"https:\/\/printagram.com\/de\/wp-json\/wp\/v2\/product"}],"about":[{"href":"https:\/\/printagram.com\/de\/wp-json\/wp\/v2\/types\/product"}],"wp:featuredmedia":[{"embeddable":true,"href":"https:\/\/printagram.com\/de\/wp-json\/wp\/v2\/media\/22212"}],"wp:attachment":[{"href":"https:\/\/printagram.com\/de\/wp-json\/wp\/v2\/media?parent=23142"}],"wp:term":[{"taxonomy":"product_brand","embeddable":true,"href":"https:\/\/printagram.com\/de\/wp-json\/wp\/v2\/product_brand?post=23142"},{"taxonomy":"product_cat","embeddable":true,"href":"https:\/\/printagram.com\/de\/wp-json\/wp\/v2\/product_cat?post=23142"},{"taxonomy":"product_tag","embeddable":true,"href":"https:\/\/printagram.com\/de\/wp-json\/wp\/v2\/product_tag?post=23142"}],"curies":[{"name":"wp","href":"https:\/\/api.w.org\/{rel}","templated":true}]}}