{"id":23134,"date":"2023-03-02T20:47:11","date_gmt":"2023-03-02T19:47:11","guid":{"rendered":"https:\/\/printagram.com\/?post_type=product&#038;p=23134"},"modified":"2024-04-02T18:07:56","modified_gmt":"2024-04-02T16:07:56","slug":"pieczatki-kwadratowe","status":"publish","type":"product","link":"https:\/\/printagram.com\/de\/produkt\/quadratische-stempel\/","title":{"rendered":"Quadratische Stempel"},"content":{"rendered":"<p>Der COLOP-Stempel verbindet Funktionalit\u00e4t mit einer klassischen Form. Zahlreiche technische und innovative Details des Stempels garantieren seine Pr\u00e4zision und Benutzerfreundlichkeit. Eine Kappe in der Farbe des Geh\u00e4uses sch\u00fctzt das Gummi und den Text des Stempels wirksam vor Schmutz und Besch\u00e4digung. Die einfache Form des Geh\u00e4uses erm\u00f6glicht einen pr\u00e4zisen Abdruck. Die rutschfesten F\u00fc\u00dfe verhindern ein Verrutschen des Stempels w\u00e4hrend des Gebrauchs und garantieren einen pr\u00e4zisen, klaren und gut lesbaren Abdruck. \u00c4u\u00dferst haltbarer Stempel aus hochwertigen Materialien.<\/p>\n<p>Die Briefmarken sind in verschiedenen Formen erh\u00e4ltlich und unterstreichen den spezifischen Charakter des aufgedruckten Inhalts. Die verschiedenen Gr\u00f6\u00dfen machen sie ideal f\u00fcr Kundenkarten, Tickets, Dokumente oder Urkunden.<\/p>","protected":false},"excerpt":{"rendered":"<p>Quadratische Selbstf\u00e4rbestempel<\/p>","protected":false},"featured_media":694,"template":"","meta":{"_seopress_robots_primary_cat":"","_seopress_titles_title":"","_seopress_titles_desc":"","_seopress_robots_index":""},"product_brand":[],"product_cat":[318],"product_tag":[444],"class_list":{"0":"post-23134","1":"product","2":"type-product","3":"status-publish","4":"has-post-thumbnail","6":"product_cat-pieczatki","7":"product_tag-firma-biuro","9":"first","10":"instock","11":"taxable","12":"shipping-taxable","13":"purchasable","14":"product-type-simple"},"_links":{"self":[{"href":"https:\/\/printagram.com\/de\/wp-json\/wp\/v2\/product\/23134","targetHints":{"allow":["GET"]}}],"collection":[{"href":"https:\/\/printagram.com\/de\/wp-json\/wp\/v2\/product"}],"about":[{"href":"https:\/\/printagram.com\/de\/wp-json\/wp\/v2\/types\/product"}],"wp:featuredmedia":[{"embeddable":true,"href":"https:\/\/printagram.com\/de\/wp-json\/wp\/v2\/media\/694"}],"wp:attachment":[{"href":"https:\/\/printagram.com\/de\/wp-json\/wp\/v2\/media?parent=23134"}],"wp:term":[{"taxonomy":"product_brand","embeddable":true,"href":"https:\/\/printagram.com\/de\/wp-json\/wp\/v2\/product_brand?post=23134"},{"taxonomy":"product_cat","embeddable":true,"href":"https:\/\/printagram.com\/de\/wp-json\/wp\/v2\/product_cat?post=23134"},{"taxonomy":"product_tag","embeddable":true,"href":"https:\/\/printagram.com\/de\/wp-json\/wp\/v2\/product_tag?post=23134"}],"curies":[{"name":"wp","href":"https:\/\/api.w.org\/{rel}","templated":true}]}}