{"id":21279,"date":"2023-01-15T22:17:52","date_gmt":"2023-01-15T21:17:52","guid":{"rendered":"https:\/\/printagram.com\/produkt\/vouchery-zlocone-srebrzone\/"},"modified":"2026-01-10T18:59:46","modified_gmt":"2026-01-10T17:59:46","slug":"konfigurator-vouchery-zlocone-lakierowane-uv-wypukle","status":"publish","type":"product","link":"https:\/\/printagram.com\/de\/produkt\/konfigurator-gutscheine-erhabene-metallic-folie-und-uv-relieflack\/","title":{"rendered":"Konfigurator - Vergoldete und UV-lackierte, gepr\u00e4gte Gutscheine"},"content":{"rendered":"<p><strong>Geschenkgutscheine <\/strong>oder<strong> Geschenke<\/strong>\u00a0ist ein hervorragendes Instrument, um Ihre Kunden auf einfache Weise zur Inanspruchnahme Ihrer Dienstleistungen zu bewegen. Wenn Sie den Gutschein als Belohnung f\u00fcr die Zusammenarbeit, f\u00fcr eine vorausbezahlte Dienstleistung oder f\u00fcr die R\u00fcckerstattung eines Teils der Einkaufskosten ausgeben, werden die Kunden ihn wahrscheinlich wieder nutzen oder ihn ihren Verwandten oder Freunden schenken.<\/p>\n<p>Sie eignet sich gut, um neue Dienstleistungen bei bestehenden Kunden zu bewerben, die sich vielleicht nie dazu entschlossen h\u00e4tten, das zus\u00e4tzliche Geld auszugeben.<\/p>\n<h5>Konvexe Vergoldung<\/h5>\n<p><em>Metallische konvexe Folie<\/em>. Bei dieser Technik handelt es sich um das matrixfreie Aufbringen von metallisierten Folien. Mit sehr starken Druckwalzen wird sie auf der gesamten Oberfl\u00e4che angebracht. Die metallisierte Folie haftet nur auf dem konvexen Spezialmaterial, wodurch der sch\u00f6ne Effekt einer dicken konvexen Schicht aus Gold, Silber oder einer anderen Farbe entsteht. Mehr \u00fcber diese Technik erfahren Sie in <a href=\"https:\/\/printagram.com\/de\/konvexe-vergoldung\/\">Artikel \u00fcber Reliefvergoldung<\/a>.<\/p>\n\n<h5>UV-selektive Lackierung<\/h5>\n<p>Lack, der auf eine matte Oberfl\u00e4che aufgetragen wird, bringt ausgew\u00e4hlte Elemente wie Logos, Grafiken, Namen usw. zum Gl\u00e4nzen und hebt sie sch\u00f6n hervor. Es ist auch m\u00f6glich, neue grafische Elemente zu erstellen, die aus dem richtigen Winkel sichtbar sind und das Design bereichern. So k\u00f6nnen lackierte Hintergr\u00fcnde, \"Wasserzeichen\", Muster, Texturen usw. verwendet werden. Mehr \u00fcber die Technik selbst erfahren Sie in <a href=\"https:\/\/printagram.com\/de\/punktueller-uv-lack\/\">Artikel \u00fcber UV-Lackierung<\/a>.<\/p>","protected":false},"excerpt":{"rendered":"<p>Gutscheine mit einem Gewicht von 350, vollfarbig, laminiert mit matter Standard- oder Soft-Touch-Folie (angenehm zu ber\u00fchren). Wahlweise mit konvexer Metallicfolie auf Vorder- und R\u00fcckseite. Optionaler UV-Konvex-Lack.<\/p>","protected":false},"featured_media":30075,"template":"","meta":{"_seopress_robots_primary_cat":"none","_seopress_titles_title":"","_seopress_titles_desc":"","_seopress_robots_index":""},"product_brand":[],"product_cat":[280],"product_tag":[447,437,434,446,445],"class_list":{"0":"post-21279","1":"product","2":"type-product","3":"status-publish","4":"has-post-thumbnail","6":"product_cat-vouchery-bony","7":"product_tag-eventy","8":"product_tag-lakier-uv-selektywny","9":"product_tag-metallic-3d-zlocenie","10":"product_tag-promowanie","11":"product_tag-sprzedaz-handel","13":"first","14":"instock","15":"taxable","16":"shipping-taxable","17":"purchasable","18":"product-type-simple"},"_links":{"self":[{"href":"https:\/\/printagram.com\/de\/wp-json\/wp\/v2\/product\/21279","targetHints":{"allow":["GET"]}}],"collection":[{"href":"https:\/\/printagram.com\/de\/wp-json\/wp\/v2\/product"}],"about":[{"href":"https:\/\/printagram.com\/de\/wp-json\/wp\/v2\/types\/product"}],"wp:featuredmedia":[{"embeddable":true,"href":"https:\/\/printagram.com\/de\/wp-json\/wp\/v2\/media\/30075"}],"wp:attachment":[{"href":"https:\/\/printagram.com\/de\/wp-json\/wp\/v2\/media?parent=21279"}],"wp:term":[{"taxonomy":"product_brand","embeddable":true,"href":"https:\/\/printagram.com\/de\/wp-json\/wp\/v2\/product_brand?post=21279"},{"taxonomy":"product_cat","embeddable":true,"href":"https:\/\/printagram.com\/de\/wp-json\/wp\/v2\/product_cat?post=21279"},{"taxonomy":"product_tag","embeddable":true,"href":"https:\/\/printagram.com\/de\/wp-json\/wp\/v2\/product_tag?post=21279"}],"curies":[{"name":"wp","href":"https:\/\/api.w.org\/{rel}","templated":true}]}}