{"id":8680,"date":"2021-11-04T14:52:53","date_gmt":"2021-11-04T13:52:53","guid":{"rendered":"http:\/\/dummy.xtemos.com\/woodmart2\/elementor\/?page_id=8680"},"modified":"2023-10-25T17:00:58","modified_gmt":"2023-10-25T15:00:58","slug":"o-nas","status":"publish","type":"page","link":"https:\/\/printagram.com\/de\/uber-uns\/","title":{"rendered":"\u00dcber uns"},"content":{"rendered":"<div data-elementor-type=\"wp-page\" data-elementor-id=\"8680\" class=\"elementor elementor-8680\">\n\t\t\t\t\t\t<section class=\"wd-negative-gap elementor-section elementor-top-section elementor-element elementor-element-5299ba63 elementor-reverse-mobile elementor-section-boxed elementor-section-height-default elementor-section-height-default\" data-id=\"5299ba63\" data-element_type=\"section\" data-e-type=\"section\">\n\t\t\t\t\t\t<div class=\"elementor-container elementor-column-gap-default\">\n\t\t\t\t\t<div class=\"elementor-column elementor-col-100 elementor-top-column elementor-element elementor-element-4c5b7bc4\" data-id=\"4c5b7bc4\" data-element_type=\"column\" data-e-type=\"column\">\n\t\t\t<div class=\"elementor-widget-wrap elementor-element-populated\">\n\t\t\t\t\t\t<div class=\"elementor-element elementor-element-3149b12f wd-width-100 elementor-widget elementor-widget-wd_title\" data-id=\"3149b12f\" data-element_type=\"widget\" data-e-type=\"widget\" data-widget_type=\"wd_title.default\">\n\t\t\t\t<div class=\"elementor-widget-container\">\n\t\t\t\t\t\t\t<div class=\"title-wrapper wd-set-mb reset-last-child wd-title-color-default wd-title-style-default wd-title-size-large text-left\">\n\n\t\t\t\n\t\t\t<div class=\"liner-continer\">\n\t\t\t\t<h4 class=\"woodmart-title-container title wd-fontsize-xxl\"><\/h4> \n\t\t\t\t\t\t\t<\/div>\n\n\t\t\t\t\t\t\t<div class=\"title-after_title reset-last-child wd-fontsize-s\">\n\t\t\t\t\t<p>Der PRINTAGRAM-Dienst wurde f\u00fcr diejenigen Benutzer geschaffen, die Druckdienste frei und bequem nutzen m\u00f6chten. Die Erfahrung, die wir im Laufe der Jahre gesammelt haben, hat es uns erm\u00f6glicht, einen Dienst zu schaffen, von dem wir hoffen, dass er Ihnen bequem und kompetent dienen wird.<\/p><p>Bei der Druckvorbereitung k\u00f6nnen Sie sich jederzeit auf unsere Erfahrung und Unterst\u00fctzung verlassen. Fehler und m\u00f6gliche Risiken werden von uns in der Regel bereits in der Entwurfsphase aufgesp\u00fcrt und mit dem Kunden besprochen. Wenn wir Unklarheiten feststellen\u00a0<span style=\"font-weight: 600\">IMMER\u00a0<\/span>werden wir Sie anrufen oder anschreiben, um zu kl\u00e4ren -\u00a0<span style=\"font-weight: 600\">NIEMALS\u00a0<\/span>In einer solchen Situation werden wir nicht den Grundsatz \"wie gesendet, so gedruckt\" anwenden.<\/p><p>Die Bestellung von Produkten in unserer Druckerei ist einfach. Sie unterscheidet sich vom herk\u00f6mmlichen Online-Einkauf dadurch, dass Sie zus\u00e4tzlich Daten f\u00fcr den Druck oder eine fertige Datei senden m\u00fcssen (die Verfahren f\u00fcr das Senden von Materialien f\u00fcr den Druck sind auf der Informationsseite \u00dcbertragung von Dateien beschrieben). Aufgrund der Besonderheit von Druckerzeugnissen (z. B. kann eine Visitenkarte mit aufgedrucktem Namen im Gegensatz zu einem Kosmetikprodukt nur einen Kunden finden) unterliegen Eink\u00e4ufe in unserer Druckerei bestimmten Schutzma\u00dfnahmen. Diese sind in den Allgemeinen Gesch\u00e4ftsbedingungen enthalten, mit denen Sie sich vertraut machen sollten.<\/p>\t\t\t\t<\/div>\n\t\t\t\t\t<\/div>\n\t\t\t\t\t\t<\/div>\n\t\t\t\t<\/div>\n\t\t\t\t\t<\/div>\n\t\t<\/div>\n\t\t\t\t\t<\/div>\n\t\t<\/section>\n\t\t\t\t<\/div>","protected":false},"excerpt":{"rendered":"<p>Der PRINTAGRAM-Dienst wurde f\u00fcr Benutzer geschaffen, die frei und bequem Druckdienste nutzen m\u00f6chten. Abgerufen von<\/p>","protected":false},"author":12,"featured_media":0,"parent":0,"menu_order":0,"comment_status":"closed","ping_status":"closed","template":"","meta":{"_seopress_robots_primary_cat":"","_seopress_titles_title":"","_seopress_titles_desc":"","_seopress_robots_index":"","footnotes":""},"class_list":["post-8680","page","type-page","status-publish","hentry"],"_links":{"self":[{"href":"https:\/\/printagram.com\/de\/wp-json\/wp\/v2\/pages\/8680","targetHints":{"allow":["GET"]}}],"collection":[{"href":"https:\/\/printagram.com\/de\/wp-json\/wp\/v2\/pages"}],"about":[{"href":"https:\/\/printagram.com\/de\/wp-json\/wp\/v2\/types\/page"}],"author":[{"embeddable":true,"href":"https:\/\/printagram.com\/de\/wp-json\/wp\/v2\/users\/12"}],"replies":[{"embeddable":true,"href":"https:\/\/printagram.com\/de\/wp-json\/wp\/v2\/comments?post=8680"}],"version-history":[{"count":0,"href":"https:\/\/printagram.com\/de\/wp-json\/wp\/v2\/pages\/8680\/revisions"}],"wp:attachment":[{"href":"https:\/\/printagram.com\/de\/wp-json\/wp\/v2\/media?parent=8680"}],"curies":[{"name":"wp","href":"https:\/\/api.w.org\/{rel}","templated":true}]}}