{"id":31545,"date":"2023-11-01T16:58:20","date_gmt":"2023-11-01T15:58:20","guid":{"rendered":"https:\/\/printagram.com\/druk-i-uszlachetnienia-old-copy\/"},"modified":"2023-11-01T17:50:39","modified_gmt":"2023-11-01T16:50:39","slug":"program-rabatowy","status":"publish","type":"page","link":"https:\/\/printagram.com\/de\/rabatt-programm\/","title":{"rendered":"Rabattregelung"},"content":{"rendered":"<div data-elementor-type=\"wp-page\" data-elementor-id=\"31545\" class=\"elementor elementor-31545\">\n\t\t\t\t\t\t<section class=\"wd-negative-gap elementor-section elementor-top-section elementor-element elementor-element-033bee4 elementor-section-boxed elementor-section-height-default elementor-section-height-default\" data-id=\"033bee4\" data-element_type=\"section\" data-e-type=\"section\">\n\t\t\t\t\t\t<div class=\"elementor-container elementor-column-gap-default\">\n\t\t\t\t\t<div class=\"elementor-column elementor-col-100 elementor-top-column elementor-element elementor-element-f9f22ff\" data-id=\"f9f22ff\" data-element_type=\"column\" data-e-type=\"column\">\n\t\t\t<div class=\"elementor-widget-wrap elementor-element-populated\">\n\t\t\t\t\t\t<div class=\"elementor-element elementor-element-3e391a5 elementor-widget-divider--view-line elementor-widget elementor-widget-divider\" data-id=\"3e391a5\" data-element_type=\"widget\" data-e-type=\"widget\" data-widget_type=\"divider.default\">\n\t\t\t\t<div class=\"elementor-widget-container\">\n\t\t\t\t\t\t\t<div class=\"elementor-divider\">\n\t\t\t<span class=\"elementor-divider-separator\">\n\t\t\t\t\t\t<\/span>\n\t\t<\/div>\n\t\t\t\t\t\t<\/div>\n\t\t\t\t<\/div>\n\t\t\t\t\t<\/div>\n\t\t<\/div>\n\t\t\t\t\t<\/div>\n\t\t<\/section>\n\t\t\t\t<section class=\"wd-negative-gap elementor-section elementor-top-section elementor-element elementor-element-f031aa0 elementor-section-boxed elementor-section-height-default elementor-section-height-default\" data-id=\"f031aa0\" data-element_type=\"section\" data-e-type=\"section\">\n\t\t\t\t\t\t<div class=\"elementor-container elementor-column-gap-default\">\n\t\t\t\t\t<div class=\"elementor-column elementor-col-100 elementor-top-column elementor-element elementor-element-0e194c1\" data-id=\"0e194c1\" data-element_type=\"column\" data-e-type=\"column\">\n\t\t\t<div class=\"elementor-widget-wrap elementor-element-populated\">\n\t\t\t\t\t\t<div class=\"elementor-element elementor-element-fc37b54 elementor-widget elementor-widget-wd_text_block\" data-id=\"fc37b54\" data-element_type=\"widget\" data-e-type=\"widget\" data-widget_type=\"wd_text_block.default\">\n\t\t\t\t<div class=\"elementor-widget-container\">\n\t\t\t\t\t\t\t<div class=\"wd-text-block reset-last-child text-left color-primary\">\n\t\t\t\n\t\t\t<h1><span style=\"color: #242424;\"><span style=\"font-size: 28px;\"><b>Bei der st\u00e4ndigen Zusammenarbeit geht es vor allem um den Nutzen:<\/b><\/span><\/span><\/h1><ol><li>Ein fester Rabatt von 20% auf alle im Online-Shop verf\u00fcgbaren Produkte.<\/li><li>Zus\u00e4tzlicher Rabatt auf 10% vom Umsatz.<\/li><li>No-Name-Sendungen direkt an Ihren Kunden.<\/li><li>Vollst\u00e4ndiger Auftragsverlauf<\/li><li>Einfache Vervielf\u00e4ltigung von Auftr\u00e4gen<\/li><\/ol>\n\t\t\t\t\t<\/div>\n\t\t\t\t\t\t<\/div>\n\t\t\t\t<\/div>\n\t\t\t\t\t<\/div>\n\t\t<\/div>\n\t\t\t\t\t<\/div>\n\t\t<\/section>\n\t\t\t\t<section class=\"wd-negative-gap elementor-section elementor-top-section elementor-element elementor-element-058485b elementor-section-boxed elementor-section-height-default elementor-section-height-default\" data-id=\"058485b\" data-element_type=\"section\" data-e-type=\"section\">\n\t\t\t\t\t\t<div class=\"elementor-container elementor-column-gap-default\">\n\t\t\t\t\t<div class=\"elementor-column elementor-col-100 elementor-top-column elementor-element elementor-element-a9d28d3\" data-id=\"a9d28d3\" data-element_type=\"column\" data-e-type=\"column\">\n\t\t\t<div class=\"elementor-widget-wrap elementor-element-populated\">\n\t\t\t\t\t\t<div class=\"elementor-element elementor-element-7abe23c elementor-widget-divider--view-line elementor-widget elementor-widget-divider\" data-id=\"7abe23c\" data-element_type=\"widget\" data-e-type=\"widget\" data-widget_type=\"divider.default\">\n\t\t\t\t<div class=\"elementor-widget-container\">\n\t\t\t\t\t\t\t<div class=\"elementor-divider\">\n\t\t\t<span class=\"elementor-divider-separator\">\n\t\t\t\t\t\t<\/span>\n\t\t<\/div>\n\t\t\t\t\t\t<\/div>\n\t\t\t\t<\/div>\n\t\t\t\t\t<\/div>\n\t\t<\/div>\n\t\t\t\t\t<\/div>\n\t\t<\/section>\n\t\t\t\t<section class=\"wd-negative-gap elementor-section elementor-top-section elementor-element elementor-element-f97dbac elementor-section-boxed elementor-section-height-default elementor-section-height-default\" data-id=\"f97dbac\" data-element_type=\"section\" data-e-type=\"section\">\n\t\t\t\t\t\t<div class=\"elementor-container elementor-column-gap-default\">\n\t\t\t\t\t<div class=\"elementor-column elementor-col-66 elementor-top-column elementor-element elementor-element-e7a4ce2\" data-id=\"e7a4ce2\" data-element_type=\"column\" data-e-type=\"column\">\n\t\t\t<div class=\"elementor-widget-wrap elementor-element-populated\">\n\t\t\t\t\t\t<div class=\"elementor-element elementor-element-1134aa0 elementor-widget__width-initial elementor-widget elementor-widget-wd_text_block\" data-id=\"1134aa0\" data-element_type=\"widget\" data-e-type=\"widget\" data-widget_type=\"wd_text_block.default\">\n\t\t\t\t<div class=\"elementor-widget-container\">\n\t\t\t\t\t\t\t<div class=\"wd-text-block reset-last-child text-left color-primary\">\n\t\t\t\n\t\t\t<h1>Agentur-Rabatt 20%<\/h1><p style=\"margin-bottom: 0px; font-style: normal; font-variant-ligatures: normal; font-variant-caps: normal; font-weight: 400; font-family: Lato, Arial, Helvetica, sans-serif; font-size: 14px;\">Der Agenturrabatt (auch f\u00fcr Grafiker und Designer) lautet 20%.<\/p><p>Um einen Rabatt auf unsere Produkte zu erhalten, m\u00fcssen Sie beruflich mit der Gestaltung oder Herstellung von Drucksachen befasst sein oder in irgendeiner anderen Weise mit der Druckindustrie zu tun haben.<\/p><h3><span style=\"color: var(--wd-title-color); font-family: var(--wd-title-font); font-size: 18px; font-style: var(--wd-title-font-style); font-weight: var(--wd-title-font-weight); text-transform: var(--wd-title-transform); background-color: var(--wd-main-bgcolor);\">Wie Sie einen Agenturrabatt erhalten<\/span><\/h3><p>- Bitte geben Sie bei der Registrierung die Daten des Unternehmens an, das der Zahlungspflichtige sein wird. Auf der Grundlage dieser Daten wird die sp\u00e4tere Berechtigung zum Erhalt von Rabatten ermittelt.<br \/>- Senden Sie eine E-Mail an\u00a0<a href=\"mailto:info@printagram.com\">info@printagram.com<\/a>\u00a0in der Betreffzeile mit dem Vermerk \"Agenturrabatt\". Unser Mitarbeiter kann einen Nachweis \u00fcber die T\u00e4tigkeit als Agentur oder als Grafiker oder Designer verlangen.<\/p>\n\t\t\t\t\t<\/div>\n\t\t\t\t\t\t<\/div>\n\t\t\t\t<\/div>\n\t\t\t\t\t<\/div>\n\t\t<\/div>\n\t\t\t\t<div class=\"elementor-column elementor-col-33 elementor-top-column elementor-element elementor-element-c539209\" data-id=\"c539209\" data-element_type=\"column\" data-e-type=\"column\">\n\t\t\t<div class=\"elementor-widget-wrap elementor-element-populated\">\n\t\t\t\t\t\t<div class=\"elementor-element elementor-element-297f320 elementor-widget elementor-widget-wd_image_or_svg\" data-id=\"297f320\" data-element_type=\"widget\" data-e-type=\"widget\" data-widget_type=\"wd_image_or_svg.default\">\n\t\t\t\t<div class=\"elementor-widget-container\">\n\t\t\t\t\t\n\t\t<div class=\"wd-image text-left\">\n\t\t\t\t\t\t\t\t<img decoding=\"async\" width=\"500\" height=\"500\" src=\"https:\/\/printagram.com\/wp-content\/uploads\/2023\/11\/3d-rendering-3d-discount-numbers-scaled-500x500.jpg\" class=\"attachment-500x500 size-500x500\" alt=\"\" srcset=\"https:\/\/printagram.com\/wp-content\/uploads\/2023\/11\/3d-rendering-3d-discount-numbers-scaled-500x500.jpg 500w, https:\/\/printagram.com\/wp-content\/uploads\/2023\/11\/3d-rendering-3d-discount-numbers-150x150.jpg 150w\" sizes=\"(max-width: 500px) 100vw, 500px\" data-no-auto-translation=\"\" \/>\t\t\t\t\t<\/div>\n\n\t\t\t\t\t\t<\/div>\n\t\t\t\t<\/div>\n\t\t\t\t\t<\/div>\n\t\t<\/div>\n\t\t\t\t\t<\/div>\n\t\t<\/section>\n\t\t\t\t<section class=\"wd-negative-gap elementor-section elementor-top-section elementor-element elementor-element-e6f9f55 elementor-section-boxed elementor-section-height-default elementor-section-height-default\" data-id=\"e6f9f55\" data-element_type=\"section\" data-e-type=\"section\">\n\t\t\t\t\t\t<div class=\"elementor-container elementor-column-gap-default\">\n\t\t\t\t\t<div class=\"elementor-column elementor-col-100 elementor-top-column elementor-element elementor-element-0d8addb\" data-id=\"0d8addb\" data-element_type=\"column\" data-e-type=\"column\">\n\t\t\t<div class=\"elementor-widget-wrap elementor-element-populated\">\n\t\t\t\t\t\t<div class=\"elementor-element elementor-element-c24ba75 elementor-widget-divider--view-line elementor-widget elementor-widget-divider\" data-id=\"c24ba75\" data-element_type=\"widget\" data-e-type=\"widget\" data-widget_type=\"divider.default\">\n\t\t\t\t<div class=\"elementor-widget-container\">\n\t\t\t\t\t\t\t<div class=\"elementor-divider\">\n\t\t\t<span class=\"elementor-divider-separator\">\n\t\t\t\t\t\t<\/span>\n\t\t<\/div>\n\t\t\t\t\t\t<\/div>\n\t\t\t\t<\/div>\n\t\t\t\t\t<\/div>\n\t\t<\/div>\n\t\t\t\t\t<\/div>\n\t\t<\/section>\n\t\t\t\t<section class=\"wd-negative-gap elementor-section elementor-top-section elementor-element elementor-element-9c87d54 elementor-section-boxed elementor-section-height-default elementor-section-height-default\" data-id=\"9c87d54\" data-element_type=\"section\" data-e-type=\"section\">\n\t\t\t\t\t\t<div class=\"elementor-container elementor-column-gap-default\">\n\t\t\t\t\t<div class=\"elementor-column elementor-col-66 elementor-top-column elementor-element elementor-element-453d278\" data-id=\"453d278\" data-element_type=\"column\" data-e-type=\"column\">\n\t\t\t<div class=\"elementor-widget-wrap elementor-element-populated\">\n\t\t\t\t\t\t<div class=\"elementor-element elementor-element-4a6d319 elementor-widget elementor-widget-wd_text_block\" data-id=\"4a6d319\" data-element_type=\"widget\" data-e-type=\"widget\" data-widget_type=\"wd_text_block.default\">\n\t\t\t\t<div class=\"elementor-widget-container\">\n\t\t\t\t\t\t\t<div class=\"wd-text-block reset-last-child text-left color-primary\">\n\t\t\t\n\t\t\t<h1>Umsatzrabatte\u00a0<\/h1><p>Dar\u00fcber hinaus k\u00f6nnen Sie einen zus\u00e4tzlichen Umsatzrabatt beantragen. Diese belaufen sich auf:<\/p><ul><li><span style=\"font-size: 14px; color: var(--wd-primary-color); background-color: var(--wd-main-bgcolor);\">5% f\u00fcr Bestellungen \u00fcber 2000 \u20ac, die in den letzten 3 Monaten aufgegeben und bezahlt wurden<\/span><\/li><li>8% f\u00fcr Bestellungen \u00fcber 3000 \u20ac, die in den letzten 3 Monaten aufgegeben und bezahlt wurden<\/li><li>10% f\u00fcr Bestellungen \u00fcber 4000 \u20ac, die innerhalb der letzten 3 Monate aufgegeben und bezahlt wurden<\/li><\/ul><p>Umsatzrabatte\u00a0<strong>sich summieren<\/strong> mit Agenturrabatt, falls gew\u00e4hrt.<\/p>\n\t\t\t\t\t<\/div>\n\t\t\t\t\t\t<\/div>\n\t\t\t\t<\/div>\n\t\t\t\t\t<\/div>\n\t\t<\/div>\n\t\t\t\t<div class=\"elementor-column elementor-col-33 elementor-top-column elementor-element elementor-element-790fef7\" data-id=\"790fef7\" data-element_type=\"column\" data-e-type=\"column\">\n\t\t\t<div class=\"elementor-widget-wrap elementor-element-populated\">\n\t\t\t\t\t\t<div class=\"elementor-element elementor-element-790715a elementor-widget elementor-widget-wd_image_or_svg\" data-id=\"790715a\" data-element_type=\"widget\" data-e-type=\"widget\" data-widget_type=\"wd_image_or_svg.default\">\n\t\t\t\t<div class=\"elementor-widget-container\">\n\t\t\t\t\t\n\t\t<div class=\"wd-image text-left\">\n\t\t\t\t\t\t\t\t<img decoding=\"async\" width=\"2560\" height=\"1707\" src=\"https:\/\/printagram.com\/wp-content\/uploads\/2023\/11\/high-view-laptop-black-shopping-card-scaled.jpg\" class=\"attachment-full size-full\" alt=\"\" srcset=\"https:\/\/printagram.com\/wp-content\/uploads\/2023\/11\/high-view-laptop-black-shopping-card-scaled.jpg 2560w, https:\/\/printagram.com\/wp-content\/uploads\/2023\/11\/high-view-laptop-black-shopping-card-400x267.jpg 400w, https:\/\/printagram.com\/wp-content\/uploads\/2023\/11\/high-view-laptop-black-shopping-card-1200x800.jpg 1200w, https:\/\/printagram.com\/wp-content\/uploads\/2023\/11\/high-view-laptop-black-shopping-card-768x512.jpg 768w, https:\/\/printagram.com\/wp-content\/uploads\/2023\/11\/high-view-laptop-black-shopping-card-1536x1024.jpg 1536w, https:\/\/printagram.com\/wp-content\/uploads\/2023\/11\/high-view-laptop-black-shopping-card-2048x1365.jpg 2048w, https:\/\/printagram.com\/wp-content\/uploads\/2023\/11\/high-view-laptop-black-shopping-card-18x12.jpg 18w, https:\/\/printagram.com\/wp-content\/uploads\/2023\/11\/high-view-laptop-black-shopping-card-860x573.jpg 860w, https:\/\/printagram.com\/wp-content\/uploads\/2023\/11\/high-view-laptop-black-shopping-card-430x287.jpg 430w, https:\/\/printagram.com\/wp-content\/uploads\/2023\/11\/high-view-laptop-black-shopping-card-700x467.jpg 700w, https:\/\/printagram.com\/wp-content\/uploads\/2023\/11\/high-view-laptop-black-shopping-card-150x100.jpg 150w\" sizes=\"(max-width: 2560px) 100vw, 2560px\" data-no-auto-translation=\"\" \/>\t\t\t\t\t<\/div>\n\n\t\t\t\t\t\t<\/div>\n\t\t\t\t<\/div>\n\t\t\t\t\t<\/div>\n\t\t<\/div>\n\t\t\t\t\t<\/div>\n\t\t<\/section>\n\t\t\t\t<section class=\"wd-negative-gap elementor-section elementor-top-section elementor-element elementor-element-5c62e18 elementor-section-boxed elementor-section-height-default elementor-section-height-default\" data-id=\"5c62e18\" data-element_type=\"section\" data-e-type=\"section\">\n\t\t\t\t\t\t<div class=\"elementor-container elementor-column-gap-default\">\n\t\t\t\t\t<div class=\"elementor-column elementor-col-100 elementor-top-column elementor-element elementor-element-5755f45\" data-id=\"5755f45\" data-element_type=\"column\" data-e-type=\"column\">\n\t\t\t<div class=\"elementor-widget-wrap elementor-element-populated\">\n\t\t\t\t\t\t<div class=\"elementor-element elementor-element-7226379 elementor-widget elementor-widget-spacer\" data-id=\"7226379\" data-element_type=\"widget\" data-e-type=\"widget\" data-widget_type=\"spacer.default\">\n\t\t\t\t<div class=\"elementor-widget-container\">\n\t\t\t\t\t\t\t<div class=\"elementor-spacer\">\n\t\t\t<div class=\"elementor-spacer-inner\"><\/div>\n\t\t<\/div>\n\t\t\t\t\t\t<\/div>\n\t\t\t\t<\/div>\n\t\t\t\t\t<\/div>\n\t\t<\/div>\n\t\t\t\t\t<\/div>\n\t\t<\/section>\n\t\t\t\t<section class=\"wd-negative-gap elementor-section elementor-top-section elementor-element elementor-element-74fca9b elementor-section-boxed elementor-section-height-default elementor-section-height-default\" data-id=\"74fca9b\" data-element_type=\"section\" data-e-type=\"section\">\n\t\t\t\t\t\t<div class=\"elementor-container elementor-column-gap-default\">\n\t\t\t\t\t<div class=\"elementor-column elementor-col-100 elementor-top-column elementor-element elementor-element-0636136\" data-id=\"0636136\" data-element_type=\"column\" data-e-type=\"column\">\n\t\t\t<div class=\"elementor-widget-wrap elementor-element-populated\">\n\t\t\t\t\t\t<div class=\"elementor-element elementor-element-43ea32e elementor-widget elementor-widget-wd_social_buttons\" data-id=\"43ea32e\" data-element_type=\"widget\" data-e-type=\"widget\" data-widget_type=\"wd_social_buttons.default\">\n\t\t\t\t<div class=\"elementor-widget-container\">\n\t\t\t\t\t\t\t\t<div\n\t\t\t\t\t\tclass=\"wd-social-icons wd-style-default wd-size-default social-share wd-shape-circle color-scheme-dark text-center\">\n\t\t\t\t\n\t\t\t\t\n\t\t\t\t\t\t\t\t\t<a rel=\"noopener noreferrer nofollow\" href=\"https:\/\/www.facebook.com\/sharer\/sharer.php?u=https:\/\/printagram.com\/de\/rabatt-programm\/\" target=\"_blank\" class=\"wd-social-icon social-facebook\" aria-label=\"Facebook Social-Link\" data-no-translation=\"\">\n\t\t\t\t\t\t<span class=\"wd-icon\"><\/span>\n\t\t\t\t\t\t\t\t\t\t\t<\/a>\n\t\t\t\t\n\t\t\t\t\n\t\t\t\t\n\t\t\t\t\t\t\t\t\t<a rel=\"noopener noreferrer nofollow\" href=\"mailto:?subject=Pr\u00fcfen%20this%20https:\/\/printagram.com\/de\/rabatt-programm\/\" target=\"_blank\" class=\"wd-social-icon social-email\" aria-label=\"E-Mail-Social-Link\" data-no-translation=\"\">\n\t\t\t\t\t\t<span class=\"wd-icon\"><\/span>\n\t\t\t\t\t\t\t\t\t\t\t<\/a>\n\t\t\t\t\n\t\t\t\t\n\t\t\t\t\n\t\t\t\t\n\t\t\t\t\t\t\t\t\t<a rel=\"noopener noreferrer nofollow\" href=\"https:\/\/pinterest.com\/pin\/create\/button\/?url=https:\/\/printagram.com\/de\/rabatt-programm\/&#038;media=https:\/\/printagram.com\/wp-includes\/images\/media\/default.svg&#038;description=Program%20rabatowy\" target=\"_blank\" class=\"wd-social-icon social-pinterest\" aria-label=\"Pinterest-Social-Link\" data-no-translation=\"\">\n\t\t\t\t\t\t<span class=\"wd-icon\"><\/span>\n\t\t\t\t\t\t\t\t\t\t\t<\/a>\n\t\t\t\t\n\t\t\t\t\n\t\t\t\t\t\t\t\t\t<a rel=\"noopener noreferrer nofollow\" href=\"https:\/\/www.linkedin.com\/shareArticle?mini=true&#038;url=https:\/\/printagram.com\/de\/rabatt-programm\/\" target=\"_blank\" class=\"wd-social-icon social-linkedin\" aria-label=\"LinkedIn Social Link\" data-no-translation=\"\">\n\t\t\t\t\t\t<span class=\"wd-icon\"><\/span>\n\t\t\t\t\t\t\t\t\t\t\t<\/a>\n\t\t\t\t\n\t\t\t\t\n\t\t\t\t\n\t\t\t\t\n\t\t\t\t\n\t\t\t\t\n\t\t\t\t\n\t\t\t\t\n\t\t\t\t\n\t\t\t\t\n\t\t\t\t\n\t\t\t\t\n\t\t\t\t\n\t\t\t\t\n\t\t\t\t\n\t\t\t\t\n\t\t\t\t\n\t\t\t<\/div>\n\n\t\t\t\t\t\t<\/div>\n\t\t\t\t<\/div>\n\t\t\t\t\t<\/div>\n\t\t<\/div>\n\t\t\t\t\t<\/div>\n\t\t<\/section>\n\t\t\t\t<\/div>","protected":false},"excerpt":{"rendered":"<p>Bei einer dauerhaften Partnerschaft geht es vor allem um die Vorteile: Ein fester Rabatt von 20% auf alle im Online-Shop erh\u00e4ltlichen Produkte. Zus\u00e4tzlicher Rabatt bis zu<\/p>","protected":false},"author":10,"featured_media":0,"parent":0,"menu_order":0,"comment_status":"closed","ping_status":"closed","template":"","meta":{"_seopress_robots_primary_cat":"","_seopress_titles_title":"","_seopress_titles_desc":"","_seopress_robots_index":"","footnotes":""},"class_list":["post-31545","page","type-page","status-publish","hentry"],"_links":{"self":[{"href":"https:\/\/printagram.com\/de\/wp-json\/wp\/v2\/pages\/31545","targetHints":{"allow":["GET"]}}],"collection":[{"href":"https:\/\/printagram.com\/de\/wp-json\/wp\/v2\/pages"}],"about":[{"href":"https:\/\/printagram.com\/de\/wp-json\/wp\/v2\/types\/page"}],"author":[{"embeddable":true,"href":"https:\/\/printagram.com\/de\/wp-json\/wp\/v2\/users\/10"}],"replies":[{"embeddable":true,"href":"https:\/\/printagram.com\/de\/wp-json\/wp\/v2\/comments?post=31545"}],"version-history":[{"count":0,"href":"https:\/\/printagram.com\/de\/wp-json\/wp\/v2\/pages\/31545\/revisions"}],"wp:attachment":[{"href":"https:\/\/printagram.com\/de\/wp-json\/wp\/v2\/media?parent=31545"}],"curies":[{"name":"wp","href":"https:\/\/api.w.org\/{rel}","templated":true}]}}