{"id":21479,"date":"2023-01-26T11:45:43","date_gmt":"2023-01-26T10:45:43","guid":{"rendered":"https:\/\/printagram.com\/?page_id=21479"},"modified":"2024-03-26T22:48:13","modified_gmt":"2024-03-26T21:48:13","slug":"wysylka-towarow","status":"publish","type":"page","link":"https:\/\/printagram.com\/de\/versand\/","title":{"rendered":"Versendung von Waren"},"content":{"rendered":"<div data-elementor-type=\"wp-page\" data-elementor-id=\"21479\" class=\"elementor elementor-21479\">\n\t\t\t\t\t\t<section class=\"wd-negative-gap elementor-section elementor-top-section elementor-element elementor-element-89554e5 elementor-section-boxed elementor-section-height-default elementor-section-height-default\" data-id=\"89554e5\" data-element_type=\"section\" data-e-type=\"section\">\n\t\t\t\t\t\t<div class=\"elementor-container elementor-column-gap-default\">\n\t\t\t\t\t<div class=\"elementor-column elementor-col-100 elementor-top-column elementor-element elementor-element-22b5ab6\" data-id=\"22b5ab6\" data-element_type=\"column\" data-e-type=\"column\">\n\t\t\t<div class=\"elementor-widget-wrap elementor-element-populated\">\n\t\t\t\t\t\t<div class=\"elementor-element elementor-element-fc1daec elementor-widget elementor-widget-wd_text_block\" data-id=\"fc1daec\" data-element_type=\"widget\" data-e-type=\"widget\" data-widget_type=\"wd_text_block.default\">\n\t\t\t\t<div class=\"elementor-widget-container\">\n\t\t\t\t\t\t\t<div class=\"wd-text-block reset-last-child text-left\">\n\t\t\t\n\t\t\t<h3>Verpackung<\/h3><p>Die Pakete sind zuverl\u00e4ssig gesch\u00fctzt. Gro\u00dfe Pakete versenden wir in Kartons aus dickem 5-lagigem Karton, kleinere Pakete in speziellen Luftpolsterumschl\u00e4gen oder kleineren Kartons aus 3-lagigem Karton.<\/p><h3>Transportunternehmen<\/h3><p>Die Art und Weise, wie die Produkte versendet werden, wird vom Kunden w\u00e4hrend des Bestellvorgangs gew\u00e4hlt. Derzeit werden die Pakete per Post versandt:<\/p><div>UPS<\/div><div>DHL <br>Inpost Kurier <br>Inpost-Paketautomaten<\/div><div>Standardpost<\/div><div>&nbsp;<\/div><h3>Kosten der Lieferung<\/h3><p>Die Versandkosten werden f\u00fcr die gesamte Bestellung berechnet. Sie h\u00e4ngen vom Gewicht und von der Art der Verpackung aller Produkte im Warenkorb ab. Die Verpackungskosten sind im Lieferpreis enthalten.<\/p><h3>Lieferfrist<\/h3><p>Die Lieferfristen betragen in den allermeisten F\u00e4llen 1 Arbeitstag innerhalb Polens. Allerdings k\u00f6nnen wir diese Fristen nicht immer garantieren. Sie k\u00f6nnen sich je nach gew\u00e4hltem Transportunternehmen auf bis zu 3 Arbeitstage verl\u00e4ngern. Die Lieferzeit f\u00fcr internationale Pakete \u00fcber UPS betr\u00e4gt 1 bis 5 Werktage innerhalb Europas. Die Standardlieferzeit der Post betr\u00e4gt 6-14 Tage (Europa), 7-28 Tage (Rest der Welt).<\/p><h3>Nachverfolgung<\/h3><p>Jede Sendung, die von uns verschickt wird, hat eine eigene Nummer und kann auf den Websites der Versandunternehmen nachverfolgt werden.<\/p>\n\t\t\t\t\t<\/div>\n\t\t\t\t\t\t<\/div>\n\t\t\t\t<\/div>\n\t\t\t\t\t<\/div>\n\t\t<\/div>\n\t\t\t\t\t<\/div>\n\t\t<\/section>\n\t\t\t\t<\/div>","protected":false},"excerpt":{"rendered":"<p>Verpackung Die Sendungen werden zuverl\u00e4ssig gesch\u00fctzt. Gro\u00dfe Pakete versenden wir in Kartons aus dicker 5-lagiger Pappe, kleinere Pakete in speziellen<\/p>","protected":false},"author":3445,"featured_media":0,"parent":0,"menu_order":3,"comment_status":"closed","ping_status":"closed","template":"","meta":{"_seopress_robots_primary_cat":"","_seopress_titles_title":"","_seopress_titles_desc":"","_seopress_robots_index":"","footnotes":""},"class_list":["post-21479","page","type-page","status-publish","hentry"],"_links":{"self":[{"href":"https:\/\/printagram.com\/de\/wp-json\/wp\/v2\/pages\/21479","targetHints":{"allow":["GET"]}}],"collection":[{"href":"https:\/\/printagram.com\/de\/wp-json\/wp\/v2\/pages"}],"about":[{"href":"https:\/\/printagram.com\/de\/wp-json\/wp\/v2\/types\/page"}],"author":[{"embeddable":true,"href":"https:\/\/printagram.com\/de\/wp-json\/wp\/v2\/users\/3445"}],"replies":[{"embeddable":true,"href":"https:\/\/printagram.com\/de\/wp-json\/wp\/v2\/comments?post=21479"}],"version-history":[{"count":0,"href":"https:\/\/printagram.com\/de\/wp-json\/wp\/v2\/pages\/21479\/revisions"}],"wp:attachment":[{"href":"https:\/\/printagram.com\/de\/wp-json\/wp\/v2\/media?parent=21479"}],"curies":[{"name":"wp","href":"https:\/\/api.w.org\/{rel}","templated":true}]}}