{"id":21477,"date":"2023-01-26T11:44:50","date_gmt":"2023-01-26T10:44:50","guid":{"rendered":"https:\/\/printagram.com\/?page_id=21477"},"modified":"2023-11-17T14:21:00","modified_gmt":"2023-11-17T13:21:00","slug":"termin-realizacji","status":"publish","type":"page","link":"https:\/\/printagram.com\/de\/fertigstellungstermine\/","title":{"rendered":"Durchf\u00fchrungsfrist"},"content":{"rendered":"<div data-elementor-type=\"wp-page\" data-elementor-id=\"21477\" class=\"elementor elementor-21477\">\n\t\t\t\t\t\t<section class=\"wd-negative-gap elementor-section elementor-top-section elementor-element elementor-element-d86c5be elementor-section-boxed elementor-section-height-default elementor-section-height-default\" data-id=\"d86c5be\" data-element_type=\"section\" data-e-type=\"section\">\n\t\t\t\t\t\t<div class=\"elementor-container elementor-column-gap-default\">\n\t\t\t\t\t<div class=\"elementor-column elementor-col-100 elementor-top-column elementor-element elementor-element-b890833\" data-id=\"b890833\" data-element_type=\"column\" data-e-type=\"column\">\n\t\t\t<div class=\"elementor-widget-wrap elementor-element-populated\">\n\t\t\t\t\t\t<div class=\"elementor-element elementor-element-baba614 elementor-widget elementor-widget-wd_text_block\" data-id=\"baba614\" data-element_type=\"widget\" data-e-type=\"widget\" data-widget_type=\"wd_text_block.default\">\n\t\t\t\t<div class=\"elementor-widget-container\">\n\t\t\t\t\t\t\t<div class=\"wd-text-block reset-last-child text-left\">\n\t\t\t\n\t\t\t<p>(Auszug aus <span style=\"text-decoration: underline;\"><a href=\"https:\/\/printagram.com\/de\/verordnungen\/\">Vorschriften<\/a><\/span>)<\/p><p>5.4 Die Lieferzeit wird ab der ordnungsgem\u00e4\u00dfen Auftragserteilung, d.h. Annahme und Best\u00e4tigung, berechnet.<br \/>5.4.1 Die Lieferzeiten variieren je nach dem ausgew\u00e4hlten Produkt und den im Produkt gew\u00e4hlten Optionen. Die Lieferzeiten (angegeben in Arbeitstagen) werden online beim Durchsuchen der Produkte im Shop oder in der Bestell\u00fcbersicht angegeben.<br \/>5.4.2 Bei Produkten mit unterschiedlichen Lieferzeiten gilt das l\u00e4ngste angegebene Datum als Liefertermin.<br \/>5.5 Der Beginn der Frist f\u00fcr die Lieferung des Produkts an den Kunden wird ab der Best\u00e4tigung der Zahlung f\u00fcr die Bestellung und der Best\u00e4tigung der Richtigkeit der erteilten Bestellung gerechnet.<br \/>5.5.1 Die Best\u00e4tigung der Zahlung - wenn der Kunde die Zahlung per Bank\u00fcberweisung, elektronischer Zahlung oder Zahlungskarte w\u00e4hlt - gilt als Eingang der Zahlung auf dem Bankkonto oder Verrechnungskonto des Verk\u00e4ufers.<br \/>5.5.2 Best\u00e4tigung der Korrektheit der erteilten Bestellung. Ein Mitarbeiter des Verk\u00e4ufers best\u00e4tigt pers\u00f6nlich die Richtigkeit der erteilten Bestellung und des gelieferten Materials. Die Korrektheit der Bestellung wird nur bei bezahlten Bestellungen \u00fcberpr\u00fcft.<br \/>Sind f\u00fcr die Ausf\u00fchrung des Auftrages Vorbereitungs- oder Anpassungsarbeiten (z.B. Entwurfsentwicklung und -abnahme, Erstellung von Unterlagen oder sonstige f\u00fcr die Ausf\u00fchrung notwendige Arbeiten) erforderlich, so kann sich der Beginn der Ausf\u00fchrungsfrist um die f\u00fcr diese Arbeiten erforderliche Zeit verschieben.<br \/>5.5.2.2 Die Information \u00fcber die Richtigkeit und die Annahme des Auftrags zur Ausf\u00fchrung wird durch die \u00dcbersendung einer E-Mail zur Best\u00e4tigung der Annahme zur Ausf\u00fchrung dokumentiert.<br \/>5.5.2.3 Der verbindliche Liefertermin der Bestellung (geplanter Versandtermin) bleibt stets die in der Bestellbest\u00e4tigungs-E-Mail \u00fcbermittelte Angabe.<br \/>5.6 Die Druckerei haftet nicht f\u00fcr M\u00e4ngel und Verz\u00f6gerungen bei der Auftragserf\u00fcllung, die sich aus einer fehlerhaften Vorbereitung der f\u00fcr die Auftragserf\u00fcllung erforderlichen Datei durch den Kunden (die mit der in den Empfehlungen angegebenen technischen Spezifikation nicht vereinbar ist) oder aus einem anderen Grund ergeben, der es unm\u00f6glich macht, sie f\u00fcr eine korrekte Auftragserf\u00fcllung zu verwenden.<br \/>5.7 Der Liefertermin einer Bestellung oder einer ihrer Positionen kann seitens des Verk\u00e4ufers im Falle h\u00f6herer Gewalt (z.B. Panne) \u00fcberschritten werden. In einem solchen Fall wird der Kunde unverz\u00fcglich informiert.<\/p>\n\t\t\t\t\t<\/div>\n\t\t\t\t\t\t<\/div>\n\t\t\t\t<\/div>\n\t\t\t\t\t<\/div>\n\t\t<\/div>\n\t\t\t\t\t<\/div>\n\t\t<\/section>\n\t\t\t\t<\/div>","protected":false},"excerpt":{"rendered":"<p>(Auszug aus der Gesch\u00e4ftsordnung) 5.4 Die Durchlaufzeit berechnet sich ab der ordnungsgem\u00e4\u00dfen Auftragserteilung, d.h. Annahme und Best\u00e4tigung.5.4.1 Durchlaufzeiten<\/p>","protected":false},"author":3445,"featured_media":0,"parent":0,"menu_order":2,"comment_status":"closed","ping_status":"closed","template":"","meta":{"_seopress_robots_primary_cat":"","_seopress_titles_title":"","_seopress_titles_desc":"","_seopress_robots_index":"","footnotes":""},"class_list":["post-21477","page","type-page","status-publish","hentry"],"_links":{"self":[{"href":"https:\/\/printagram.com\/de\/wp-json\/wp\/v2\/pages\/21477","targetHints":{"allow":["GET"]}}],"collection":[{"href":"https:\/\/printagram.com\/de\/wp-json\/wp\/v2\/pages"}],"about":[{"href":"https:\/\/printagram.com\/de\/wp-json\/wp\/v2\/types\/page"}],"author":[{"embeddable":true,"href":"https:\/\/printagram.com\/de\/wp-json\/wp\/v2\/users\/3445"}],"replies":[{"embeddable":true,"href":"https:\/\/printagram.com\/de\/wp-json\/wp\/v2\/comments?post=21477"}],"version-history":[{"count":0,"href":"https:\/\/printagram.com\/de\/wp-json\/wp\/v2\/pages\/21477\/revisions"}],"wp:attachment":[{"href":"https:\/\/printagram.com\/de\/wp-json\/wp\/v2\/media?parent=21477"}],"curies":[{"name":"wp","href":"https:\/\/api.w.org\/{rel}","templated":true}]}}