{"id":21469,"date":"2023-01-26T11:41:42","date_gmt":"2023-01-26T10:41:42","guid":{"rendered":"https:\/\/printagram.com\/?page_id=21469"},"modified":"2023-12-18T12:14:21","modified_gmt":"2023-12-18T11:14:21","slug":"jak-przygotowac-pliki","status":"publish","type":"page","link":"https:\/\/printagram.com\/de\/anleitung-zur-vorbereitung-von-dateien\/","title":{"rendered":"Vorbereitung von Dateien"},"content":{"rendered":"<div data-elementor-type=\"wp-page\" data-elementor-id=\"21469\" class=\"elementor elementor-21469\">\n\t\t\t\t\t\t<section class=\"wd-negative-gap elementor-section elementor-top-section elementor-element elementor-element-be1742b elementor-section-boxed elementor-section-height-default elementor-section-height-default\" data-id=\"be1742b\" data-element_type=\"section\" data-e-type=\"section\">\n\t\t\t\t\t\t<div class=\"elementor-container elementor-column-gap-default\">\n\t\t\t\t\t<div class=\"elementor-column elementor-col-100 elementor-top-column elementor-element elementor-element-0199293\" data-id=\"0199293\" data-element_type=\"column\" data-e-type=\"column\">\n\t\t\t<div class=\"elementor-widget-wrap elementor-element-populated\">\n\t\t\t\t\t\t<div class=\"elementor-element elementor-element-a1a8f97 elementor-widget elementor-widget-wd_text_block\" data-id=\"a1a8f97\" data-element_type=\"widget\" data-e-type=\"widget\" data-widget_type=\"wd_text_block.default\">\n\t\t\t\t<div class=\"elementor-widget-container\">\n\t\t\t\t\t\t\t<div class=\"wd-text-block reset-last-child text-left\">\n\t\t\t\n\t\t\t<p>Es empfiehlt sich, Vorlagen zu verwenden, die auf bestimmten Produktseiten vorbereitet sind und heruntergeladen werden k\u00f6nnen.<\/p><p>Vergewissern Sie sich immer, dass Sie die richtige Dokumentengr\u00f6\u00dfe haben.<\/p><p>Nutzen Sie die Checkliste f\u00fcr mehr Sicherheit bei der Erstellung Ihres Dossiers.\u00a0<\/p><p style=\"text-align: center;\"><a title=\"Checkliste f\u00fcr die Aktenvorbereitung\" href=\"\/wp-content\/uploads\/2023\/11\/preparing-files-for-printing-checklist-pl.pdf\"><br \/><img decoding=\"async\" class=\"attachment-thumbnail size-thumbnail\" src=\"https:\/\/printagram.com\/wp-content\/uploads\/2023\/05\/pdf.png\" alt=\"Checklist\" width=\"30\" height=\"30\" data-no-auto-translation=\"\" \/>Checkliste PDF<br \/><\/a><\/p><h2>Einige allgemeine Leitlinien<\/h2><table class=\"checklist\" border=\"0\" cellspacing=\"0\" cellpadding=\"0\"><tbody><tr><td class=\"left\">Farben<\/td><td><ul class=\"circle\"><li>Bereiten Sie Ihre Dateien im CMYK-Farbmodus und nicht im RGB-Modus vor.<\/li><li>Bei Sonderfarben (Pantone) geben Sie die gew\u00fcnschten Werte in den Farbkanal ein oder erstellen Sie eine separate Seite oder Datei nur f\u00fcr diese Farbe<\/li><li>Wir empfehlen, graue Bereiche in Graustufen zu erstellen (schwarzer Farbton).<\/li><\/ul><\/td><\/tr><tr><td class=\"left\">Gr\u00f6\u00dfe<\/td><td><ul class=\"circle\"><li>Erstellen Sie Dateien in ihrer endg\u00fcltigen Gr\u00f6\u00dfe.<\/li><li>Wenn m\u00f6glich, werden Ihre Dateien automatisch auf das Auftragsformat skaliert. Bitte beachten Sie, dass die Skalierung eines kleineren Formats auf ein gr\u00f6\u00dferes Format zu einer Verringerung der Aufl\u00f6sung f\u00fchren kann. Wenn Sie beispielsweise eine A5-Brosch\u00fcre auf eine A4-Brosch\u00fcre skalieren, kann sich dies auf die Aufl\u00f6sung auswirken und zu Qualit\u00e4tsverlusten f\u00fchren.<\/li><\/ul><\/td><\/tr><tr><td class=\"left\">Beschneiden von \u00dcbersch\u00fcssen - Beschnitt<\/td><td><ul class=\"circle\"><li>Um wei\u00dfe, unbedruckte R\u00e4nder zu vermeiden, f\u00fcgen Sie der bestellten Gr\u00f6\u00dfe immer eine Beschnittzugabe (Anschnitt) hinzu.<\/li><li>Standard-Beschnittzugabe: 2 mm<\/li><li>Achten Sie darauf, dass Farben, Hintergrundbilder und Layouts in den Beschnittbereich hineinreichen, um zu vermeiden, dass aufgrund von Schneidetoleranzen wei\u00dfe Linien entstehen.<\/li><\/ul><\/td><\/tr><tr><td class=\"left\">Sicherheitsspanne<\/td><td><ul class=\"circle\"><li>Halten Sie den gesamten Inhalt mindestens 3 mm vom Rand des Fertigformats entfernt.<\/li><li>Bei Mappen, gefalteten Prospekten usw. muss auch ein Sicherheitsabstand zu den Falzungen eingehalten werden.<\/li><li>Vermeiden Sie in Ihren Entw\u00fcrfen die Verwendung von R\u00e4ndern um die Seite herum. Aufgrund der Toleranz beim mechanischen Schneiden k\u00f6nnen Unregelm\u00e4\u00dfigkeiten sichtbar sein und die \u00c4sthetik des Endprodukts beeintr\u00e4chtigen.<\/li><\/ul><\/td><\/tr><tr><td class=\"left\">Bilder und Aufl\u00f6sungen<\/td><td><ul class=\"circle\"><li>Fotos, Bilder und Grafiken: 300 dpi<\/li><li>Graustufen und Farbbilder: 300 dpi<\/li><li>Strichgrafiken (z. B. Texte und Zeichnungen mit kleiner Schrift): 1.200 dpi<\/li><li>Werbeplakate, Werbetechnik mit Text: 150 dpi<\/li><li>Gro\u00dfformatige Produkte: 72 dpi<\/li><\/ul><\/td><\/tr><tr><td class=\"left\">Liniengewichte<\/td><td><ul class=\"circle\"><li>CMYK-Druck: Die Linienst\u00e4rke sollte mindestens 0,1 mm (0,250 pt) betragen.<\/li><li>Hei\u00dfpr\u00e4gung\/Sitzdruck\/letterpress (Tiefdruckpr\u00e4gung): Die Linienst\u00e4rke sollte mindestens 0,15 mm betragen.<\/li><li>Konvexe Pr\u00e4gung: Die Linienst\u00e4rke sollte mindestens 0,2mm\/0,5mm betragen - je nach Auftragsgestaltung (individuell zu vereinbaren)<\/li><li>Zu d\u00fcnne Linien werden m\u00f6glicherweise nicht gedruckt oder sind unterbrochen.<\/li><\/ul><\/td><\/tr><tr><td class=\"left\">Dateiformate<\/td><td><ul class=\"circle\"><li>Speichern Sie Ihre Dateien immer in einem druckfertigen Format, vorzugsweise PDF (PDF\/X-4 oder PDF 1.6), JPG, TIFF, EPS.<\/li><li>Vermeiden Sie die Verwendung mehrerer Ebenen (optionaler Inhalt) in PDF-Dateien.<\/li><li>Ersetzen Sie alle m\u00f6glichen Effekte wie Transparenzen, Schatten usw. durch abgeflachte Bitmaps, um Konvertierungen und Farb\u00e4nderungen zu vermeiden.<\/li><\/ul><\/td><\/tr><tr><td class=\"left\">Schriftarten<\/td><td><ul class=\"circle\"><li>Konvertieren Sie die Schriften in Kurven (Vektoren) oder gleichen Sie sie aus, um Schriftartenfehler zu vermeiden und sicherzustellen, dass die Schriftkodierung in der PDF-Datei korrekt ist.<\/li><li>Vermeiden Sie Farbkomponenten f\u00fcr schwarzen Text; setzen Sie stattdessen die Schriftfarbe auf 100% K.<\/li><li>Vermeiden Sie es, helle, d\u00fcnne Schriften auf einen dunklen Hintergrund zu setzen. Aufgrund der nat\u00fcrlichen Streuung von Toner oder Tinte k\u00f6nnen d\u00fcnne Elemente \u00fcberflutet werden.<\/li><li>Achten Sie darauf, dass der Farbunterschied zwischen Hintergrund und Schrift ausreichend ist.<\/li><\/ul><\/td><\/tr><tr><td class=\"left\"><span dir=\"ltr\">UV-Lack und Metallic 3D (Vergoldung)<\/span><\/td><td><ul><li><span dir=\"ltr\">Bereiten Sie eine separate Seite oder Datei nur f\u00fcr UV-Lack oder Vergoldung vor - eine so genannte Maske. Markieren Sie die Elemente, die lackiert oder vergoldet werden sollen, in Schwarz. Im Falle des 3D-Metalleffekts auf CMYK-Seiten d\u00fcrfen diese Elemente nicht erscheinen (z. B. sollte das Logo nur auf der Maske f\u00fcr die Vergoldung erscheinen).<\/span><\/li><li><span dir=\"ltr\">Das kleinste Element sollte nicht kleiner als 0,4 mm sein und die L\u00fccken zwischen ihnen sollten nicht\u00a0<\/span><span dir=\"ltr\">weniger als 0,5 mm. Wenn diese L\u00fccken kleiner sind, kann es zu einer \"\u00dcberflutung\" dieser L\u00fccke kommen.<\/span><\/li><li><span dir=\"ltr\">Gestalten Sie die R\u00e4nder nicht mit UV-Konvexlack oder Vergoldung. Halten Sie sich an\u00a0<\/span><span dir=\"ltr\">3 mm Abstand.<\/span><\/li><\/ul><\/td><\/tr><tr><td class=\"left\">Brosch\u00fcre und Katalogseiten<\/td><td><ul class=\"circle\"><li>Bei mehrseitigen Produkten bereiten Sie die einzelnen Seiten mit Anschnitt in der richtigen Reihenfolge vor.<\/li><\/ul><\/td><\/tr><\/tbody><\/table>\n\t\t\t\t\t<\/div>\n\t\t\t\t\t\t<\/div>\n\t\t\t\t<\/div>\n\t\t\t\t<div class=\"elementor-element elementor-element-7e43071 elementor-widget elementor-widget-shortcode\" data-id=\"7e43071\" data-element_type=\"widget\" data-e-type=\"widget\" data-widget_type=\"shortcode.default\">\n\t\t\t\t<div class=\"elementor-widget-container\">\n\t\t\t\t\t\t\t<div class=\"elementor-shortcode\"><p><script type=\"text\/javascript\">const anchorHow = document.querySelector(\".elementor-element-a1a8f97 a\");\nconst anchorHow2 = document.querySelector(\".elementor-element-a1a8f97 .wd-info-box\");\n\/\/console.log(anchorHow.href);\n\/\/console.log(window.location.pathname);\nif (window.location.pathname.includes(\"\/en\/\")) {\nanchorHow.href=\"\/wp-content\/uploads\/2023\/11\/preparing-files-for-printing-checklist-en.pdf\";\n}\nif (window.location.pathname.includes(\"\/es\/\")) {\nanchorHow.href=\"\/wp-content\/uploads\/2023\/11\/preparing-files-for-printing-checklist-es.pdf\";\n}\nif (window.location.pathname.includes(\"\/it\/\")) {\nanchorHow.href=\"\/wp-content\/uploads\/2023\/11\/preparing-files-for-printing-checklist-it.pdf\";\n}\nif (window.location.pathname.includes(\"\/de\/\")) {\nanchorHow.href=\"\/wp-content\/uploads\/2023\/11\/preparing-files-for-printing-checklist-de.pdf\";\n}\n<\/script><\/p>\n<\/div>\n\t\t\t\t\t\t<\/div>\n\t\t\t\t<\/div>\n\t\t\t\t\t<\/div>\n\t\t<\/div>\n\t\t\t\t\t<\/div>\n\t\t<\/section>\n\t\t\t\t<\/div>","protected":false},"excerpt":{"rendered":"<p>Es ist eine gute Idee, Vorlagen zu verwenden, die auf bestimmten Produktseiten vorbereitet sind und heruntergeladen werden k\u00f6nnen.  Vergewissern Sie sich immer, dass Sie die richtige Gr\u00f6\u00dfe haben<\/p>","protected":false},"author":3445,"featured_media":0,"parent":0,"menu_order":1,"comment_status":"closed","ping_status":"closed","template":"","meta":{"_seopress_robots_primary_cat":"","_seopress_titles_title":"","_seopress_titles_desc":"","_seopress_robots_index":"","footnotes":""},"class_list":["post-21469","page","type-page","status-publish","hentry"],"_links":{"self":[{"href":"https:\/\/printagram.com\/de\/wp-json\/wp\/v2\/pages\/21469","targetHints":{"allow":["GET"]}}],"collection":[{"href":"https:\/\/printagram.com\/de\/wp-json\/wp\/v2\/pages"}],"about":[{"href":"https:\/\/printagram.com\/de\/wp-json\/wp\/v2\/types\/page"}],"author":[{"embeddable":true,"href":"https:\/\/printagram.com\/de\/wp-json\/wp\/v2\/users\/3445"}],"replies":[{"embeddable":true,"href":"https:\/\/printagram.com\/de\/wp-json\/wp\/v2\/comments?post=21469"}],"version-history":[{"count":0,"href":"https:\/\/printagram.com\/de\/wp-json\/wp\/v2\/pages\/21469\/revisions"}],"wp:attachment":[{"href":"https:\/\/printagram.com\/de\/wp-json\/wp\/v2\/media?parent=21469"}],"curies":[{"name":"wp","href":"https:\/\/api.w.org\/{rel}","templated":true}]}}